{"id":126,"date":"2018-12-29T00:42:30","date_gmt":"2018-12-29T00:42:30","guid":{"rendered":"https:\/\/jaen.aisgan.org\/?page_id=126"},"modified":"2018-12-29T00:42:30","modified_gmt":"2018-12-29T00:42:30","slug":"politica-de-cookies","status":"publish","type":"page","link":"https:\/\/jaen.aisgan.org\/?page_id=126","title":{"rendered":"Pol\u00edtica de Cookies"},"content":{"rendered":"<p style=\"text-align: justify;\"><span style=\"color: #0000ff;\"><strong><img loading=\"lazy\" decoding=\"async\" class=\"alignleft wp-image-125 size-medium\" src=\"https:\/\/jaen.aisgan.org\/wp-content\/uploads\/2018\/12\/GDPR2-300x240.jpg\" alt=\"\" width=\"300\" height=\"240\" srcset=\"https:\/\/jaen.aisgan.org\/wp-content\/uploads\/2018\/12\/GDPR2-300x240.jpg 300w, https:\/\/jaen.aisgan.org\/wp-content\/uploads\/2018\/12\/GDPR2.jpg 750w\" sizes=\"auto, (max-width: 300px) 100vw, 300px\" \/>\u00bfQu\u00e9 son las cookies?<\/strong><\/span><\/p>\n<p style=\"text-align: justify;\">La Web de la <strong><span style=\"color: #0000ff;\">ASOCIACI\u00d3N AMISTAD INTERNACIONAL SCOUT Y GU\u00cdA DE JAEN\u00a0<\/span>\u00a0<\/strong>(en adelante la Web) utiliza Cookies.<\/p>\n<p style=\"text-align: justify;\">Una Cookie es un peque\u00f1o archivo que se almacena en el ordenador del usuario y nos permite reconocerle. El conjunto de cookies nos ayuda a mejorar la calidad de nuestra web.<\/p>\n<p style=\"text-align: justify;\">Las cookies son esenciales para el funcionamiento de internet, aportando innumerables ventajas en la prestaci\u00f3n de servicios interactivos, facilit\u00e1ndole la navegaci\u00f3n y usabilidad de nuestra web. Tenga en cuenta que las cookies no pueden da\u00f1ar su equipo y que, a cambio, el que est\u00e9n activadas nos ayudan a identificar y resolver los errores.<\/p>\n<p style=\"text-align: justify;\"><span style=\"color: #0000ff;\"><strong>\u00bfQu\u00e9 tipos de cookies existen?<\/strong><\/span><\/p>\n<p style=\"text-align: justify;\">La informaci\u00f3n que le proporcionamos a continuaci\u00f3n, le ayudar\u00e1 a comprender los diferentes tipos de cookies:<\/p>\n<ul style=\"list-style-type: disc; text-align: justify;\">\n<li><strong><span style=\"color: #0000ff;\">Cookies de sesi\u00f3n:<\/span> <\/strong>son cookies temporales que permanecen en el archivo de cookies de su navegador hasta que abandone la p\u00e1gina web, por lo que ninguna queda registrada en el disco duro del usuario. La informaci\u00f3n obtenida por medio de estas cookies, sirven para analizar pautas de tr\u00e1fico en la web. A la larga, esto nos permite proporcionar una mejor experiencia para mejorar el contenido y facilitando su uso.<\/li>\n<li><strong><span style=\"color: #0000ff;\">Cookies permanentes:<\/span> <\/strong>son almacenadas en el disco duro y nuestra web las lee cada vez que usted realiza una nueva visita. Una web permanente posee una fecha de expiraci\u00f3n determinada.<\/li>\n<li><strong><span style=\"color: #0000ff;\">Las cookies de terceros<\/span> <\/strong>como por ejemplo, las usadas por redes sociales, o por complementos externos de contenido como google maps.<\/li>\n<li><strong><span style=\"color: #0000ff;\">Las cookies anal\u00edticas<\/span> <\/strong>con prop\u00f3sitos de mantenimiento peri\u00f3dico, y en aras de garantizar el mejor servicio posible al usuario, los sitios web hacen uso normalmente de cookies anal\u00edticas para recopilar datos estad\u00edsticos de la actividad .<\/li>\n<\/ul>\n<p style=\"text-align: justify;\"><span style=\"color: #0000ff;\"><strong>\u00bfQu\u00e9 cookies utilizamos?<\/strong><\/span><\/p>\n<p style=\"text-align: justify;\">Las cookies que utilizamos en nuestra p\u00e1gina web son:<\/p>\n<ul style=\"text-align: justify;\">\n<li><span style=\"color: #0000ff;\"><strong>Propias<\/strong><strong>:<\/strong><\/span>\u00a0Son aqu\u00e9llas que se env\u00edan al equipo terminal del usuario desde un equipo o dominio gestionado por el propio editor y desde el que se presta el servicio solicitado por el usuario.\n<ul>\n<li>Cookies de sesi\u00f3n: permiten recordar preferencias de navegaci\u00f3n del usuario de la p\u00e1gina durante el tiempo que dure la visita, y hasta que el usuario cierra el navegador. Actualmente no tenemos activa la cookie de sesi\u00f3n.<\/li>\n<li>Cookie de consentimiento: se llama \u201ccooki-monster\u201d y sirve para identificar a usuarios que ya han aceptado nuestra pol\u00edtica de cookies.<\/li>\n<\/ul>\n<\/li>\n<\/ul>\n<ul style=\"text-align: justify;\">\n<li><span style=\"color: #0000ff;\"><strong>De terceros:\u00a0<\/strong><\/span>Son aqu\u00e9llas que se env\u00edan al equipo terminal del usuario desde un equipo o dominio que no es gestionado por el editor, sino por otra entidad que trata los datos obtenidos trav\u00e9s de las cookies.\n<ul>\n<li>Google Analytics: sirven para analizar la experiencia de navegaci\u00f3n del usuario, y permitirnos mejorar nuestra Web para adaptarnos a sus necesidades. Normalmente permanecen un tiempo en el navegador de usuario, hasta que se borren las cookies del navegador o pase el tiempo definido para su eliminaci\u00f3n. Se llaman _ga, _ga*, y _gid. M\u00e1s informaci\u00f3n:\u00a0<a href=\"https:\/\/support.google.com\/analytics\/answer\/6004245?hl=es\">https:\/\/support.google.com\/analytics\/answer\/6004245?hl=es<\/a><\/li>\n<\/ul>\n<\/li>\n<\/ul>\n<p style=\"text-align: justify;\"><span style=\"color: #0000ff;\"><strong>\u00bfC\u00f3mo deshabilitar las Cookies?<\/strong><\/span><\/p>\n<p style=\"text-align: justify;\">Normalmente es posible dejar de aceptar las Cookies del navegador, o dejar de aceptar las Cookies de un Servicio en particular.<\/p>\n<p style=\"text-align: justify;\">Todos los navegadores modernos permiten cambiar la configuraci\u00f3n de Cookies. Estos ajustes normalmente se encuentran en las \u00a8opciones\u00a8 o \u00a8preferencias\u00a8 del men\u00fa de su navegador. Asimismo, puede configurar su navegador o su gestor de correo electr\u00f3nico, as\u00ed como instalar complementos gratuitos para evitar que se descarguen los Web\u00a0<em>Bugs<\/em>\u00a0al abrir un email.<\/p>\n<p style=\"text-align: justify;\">La Web ofrece orientaci\u00f3n al Usuario sobre los pasos para\u00a0 acceder al men\u00fa de configuraci\u00f3n de las\u00a0<em>cookies<\/em>\u00a0y, en su caso, de la navegaci\u00f3n privada en cada uno de los navegadores principales:<\/p>\n<p style=\"text-align: justify;\"><a href=\"https:\/\/support.google.com\/accounts\/answer\/61416?hl=es\" target=\"_blank\" rel=\"nofollow noopener\">Como habilitar e inabilitar cookies en Chrome<\/a><\/p>\n<p style=\"text-align: justify;\"><a href=\"https:\/\/support.mozilla.org\/es\/kb\/habilitar-y-deshabilitar-cookies-que-los-sitios-we\" target=\"_blank\" rel=\"nofollow noopener\">Como habilitar y deshabilitar cookies en Mozilla Firefox<\/a><\/p>\n<p style=\"text-align: justify;\"><a href=\"http:\/\/windows.microsoft.com\/es-es\/windows-vista\/block-or-allow-cookies\" target=\"_blank\" rel=\"nofollow noopener\">Bloquear o permitir cookies en Internet Explorer<\/a><\/p>\n<p style=\"text-align: justify;\"><a href=\"http:\/\/support.apple.com\/kb\/HT1677?viewlocale=es_ES&amp;locale=es_ES\" target=\"_blank\" rel=\"nofollow noopener\">Indicar si se aceptan o no cookies en Safari<\/a><\/p>\n<p style=\"text-align: justify;\"><span style=\"color: #0000ff;\"><strong>\u00bfSe pueden producir modificaciones de la Pol\u00edtica de Cookies?<\/strong><\/span><\/p>\n<p style=\"text-align: justify;\">La Web puede modificar esta Pol\u00edtica de Cookies en funci\u00f3n de las exigencias legislativas, reglamentarias, o con la finalidad de adaptar dicha pol\u00edtica a las instrucciones dictadas por la Agencia Espa\u00f1ola de Protecci\u00f3n de Datos, por ello se aconseja a los usuarios que la visiten peri\u00f3dicamente.<\/p>\n<p style=\"text-align: justify;\">Cuando se produzcan cambios significativos en esta Pol\u00edtica de\u00a0<em>Cookies<\/em>, se comunicar\u00e1n a los usuarios bien mediante la web o a trav\u00e9s de correo electr\u00f3nico a los usuarios registrados.<\/p>\n","protected":false},"excerpt":{"rendered":"<p>\u00bfQu\u00e9 son las cookies? La Web de la ASOCIACI\u00d3N AMISTAD INTERNACIONAL SCOUT Y GU\u00cdA DE JAEN\u00a0\u00a0(en adelante la Web) utiliza Cookies. Una Cookie es un peque\u00f1o archivo que se almacena en el ordenador del usuario y nos permite reconocerle. El conjunto de cookies nos ayuda a mejorar la calidad de&#8230; <a class=\"continue-reading-link\" href=\"https:\/\/jaen.aisgan.org\/?page_id=126\">Leer m\u00e1s&#8230;<\/a><\/p>\n","protected":false},"author":6,"featured_media":0,"parent":0,"menu_order":0,"comment_status":"closed","ping_status":"closed","template":"","meta":{"ngg_post_thumbnail":0,"footnotes":""},"class_list":["post-126","page","type-page","status-publish","hentry"],"_links":{"self":[{"href":"https:\/\/jaen.aisgan.org\/index.php?rest_route=\/wp\/v2\/pages\/126","targetHints":{"allow":["GET"]}}],"collection":[{"href":"https:\/\/jaen.aisgan.org\/index.php?rest_route=\/wp\/v2\/pages"}],"about":[{"href":"https:\/\/jaen.aisgan.org\/index.php?rest_route=\/wp\/v2\/types\/page"}],"author":[{"embeddable":true,"href":"https:\/\/jaen.aisgan.org\/index.php?rest_route=\/wp\/v2\/users\/6"}],"replies":[{"embeddable":true,"href":"https:\/\/jaen.aisgan.org\/index.php?rest_route=%2Fwp%2Fv2%2Fcomments&post=126"}],"version-history":[{"count":1,"href":"https:\/\/jaen.aisgan.org\/index.php?rest_route=\/wp\/v2\/pages\/126\/revisions"}],"predecessor-version":[{"id":128,"href":"https:\/\/jaen.aisgan.org\/index.php?rest_route=\/wp\/v2\/pages\/126\/revisions\/128"}],"wp:attachment":[{"href":"https:\/\/jaen.aisgan.org\/index.php?rest_route=%2Fwp%2Fv2%2Fmedia&parent=126"}],"curies":[{"name":"wp","href":"https:\/\/api.w.org\/{rel}","templated":true}]}}