{"id":147,"date":"2018-12-29T00:57:43","date_gmt":"2018-12-29T00:57:43","guid":{"rendered":"https:\/\/jaen.aisgan.org\/?page_id=147"},"modified":"2018-12-29T00:57:57","modified_gmt":"2018-12-29T00:57:57","slug":"con-la-infancia-y-la-juventud","status":"publish","type":"page","link":"https:\/\/jaen.aisgan.org\/?page_id=147","title":{"rendered":"Con la Infancia y la Juventud"},"content":{"rendered":"<p style=\"text-align: justify;\"><img loading=\"lazy\" decoding=\"async\" class=\"alignleft size-thumbnail wp-image-148\" src=\"https:\/\/jaen.aisgan.org\/wp-content\/uploads\/2018\/12\/Con-la-infancia-y-la-juventud-150x150.jpg\" alt=\"\" width=\"150\" height=\"150\" srcset=\"https:\/\/jaen.aisgan.org\/wp-content\/uploads\/2018\/12\/Con-la-infancia-y-la-juventud-150x150.jpg 150w, https:\/\/jaen.aisgan.org\/wp-content\/uploads\/2018\/12\/Con-la-infancia-y-la-juventud-100x100.jpg 100w\" sizes=\"auto, (max-width: 150px) 100vw, 150px\" \/>\u2022 Ofrecer nuestra disponibilidad para apoyar, colaborar y fomentar el desarrollo infantil y juvenil en general y en especial hacia el Movimiento Scout y Gu\u00eda, cuando se nos solicite a trav\u00e9s de sus \u00f3rganos de gesti\u00f3n asociativa correspondiente.<\/p>\n<p style=\"text-align: justify;\">\u2022 Apoyar activamente a las organizaciones miembros de las mundiales AMGS (WAGGGS) y\u00a0OMMS (WOSM) en el \u00e1mbito de actuaci\u00f3n de sus distintas localidades, provincias o comunidades aut\u00f3nomas.Taller de Cabuyeria<\/p>\n<p style=\"text-align: justify;\">\u2022 Colaborar con las Asociaciones y Grupos Juveniles de Scouts y Gu\u00edas miembros de las mundiales AMGS (WAGGGS) y OMMS (WOSM) en el \u00e1mbito de actuaci\u00f3n de sus distintas localidades, provincias o comunidades aut\u00f3nomas.<\/p>\n<p style=\"text-align: justify;\">\u2022 Fomentar el desarrollo del asociacionismo scout y gu\u00eda infantil y juvenil en base a los convenios internacionales suscritos por AISG \u2013 ISGF (Internacional Scout and Guide Fellowship) con la WOSM (World Organization of the Scout Movement) y la WAGGGS (World Association of Girl Guides and Girl Scouts).<\/p>\n","protected":false},"excerpt":{"rendered":"<p>\u2022 Ofrecer nuestra disponibilidad para apoyar, colaborar y fomentar el desarrollo infantil y juvenil en general y en especial hacia el Movimiento Scout y Gu\u00eda, cuando se nos solicite a trav\u00e9s de sus \u00f3rganos de gesti\u00f3n asociativa correspondiente. \u2022 Apoyar activamente a las organizaciones miembros de las mundiales AMGS (WAGGGS)&#8230; <a class=\"continue-reading-link\" href=\"https:\/\/jaen.aisgan.org\/?page_id=147\">Leer m\u00e1s&#8230;<\/a><\/p>\n","protected":false},"author":6,"featured_media":0,"parent":0,"menu_order":0,"comment_status":"closed","ping_status":"closed","template":"","meta":{"ngg_post_thumbnail":0,"footnotes":""},"class_list":["post-147","page","type-page","status-publish","hentry"],"_links":{"self":[{"href":"https:\/\/jaen.aisgan.org\/index.php?rest_route=\/wp\/v2\/pages\/147","targetHints":{"allow":["GET"]}}],"collection":[{"href":"https:\/\/jaen.aisgan.org\/index.php?rest_route=\/wp\/v2\/pages"}],"about":[{"href":"https:\/\/jaen.aisgan.org\/index.php?rest_route=\/wp\/v2\/types\/page"}],"author":[{"embeddable":true,"href":"https:\/\/jaen.aisgan.org\/index.php?rest_route=\/wp\/v2\/users\/6"}],"replies":[{"embeddable":true,"href":"https:\/\/jaen.aisgan.org\/index.php?rest_route=%2Fwp%2Fv2%2Fcomments&post=147"}],"version-history":[{"count":1,"href":"https:\/\/jaen.aisgan.org\/index.php?rest_route=\/wp\/v2\/pages\/147\/revisions"}],"predecessor-version":[{"id":150,"href":"https:\/\/jaen.aisgan.org\/index.php?rest_route=\/wp\/v2\/pages\/147\/revisions\/150"}],"wp:attachment":[{"href":"https:\/\/jaen.aisgan.org\/index.php?rest_route=%2Fwp%2Fv2%2Fmedia&parent=147"}],"curies":[{"name":"wp","href":"https:\/\/api.w.org\/{rel}","templated":true}]}}