{"id":176,"date":"2018-12-29T02:18:44","date_gmt":"2018-12-29T02:18:44","guid":{"rendered":"https:\/\/jaen.aisgan.org\/?page_id=176"},"modified":"2018-12-29T02:19:15","modified_gmt":"2018-12-29T02:19:15","slug":"metodo-scouy-y-guia-adulto","status":"publish","type":"page","link":"https:\/\/jaen.aisgan.org\/?page_id=176","title":{"rendered":"M\u00e9todo Scouy y Gu\u00eda Adulto"},"content":{"rendered":"<p class=\"first-para\"><span style=\"color: #339966;\"><strong><img loading=\"lazy\" decoding=\"async\" class=\"size-thumbnail wp-image-22 alignleft\" src=\"https:\/\/jaen.aisgan.org\/wp-content\/uploads\/2017\/11\/IMG_1668-e1511204648449-150x150.jpg\" alt=\"\" width=\"150\" height=\"150\" \/>MAS DE 100 A\u00d1OS EDUCANDO<\/strong><\/span><\/p>\n<p style=\"text-align: justify;\">El Escultismo y el Guidismo llevan m\u00e1s de 100 a\u00f1os educando a ni\u00f1os, ni\u00f1as y j\u00f3venes. Como consecuencia de ello se han ido formando muchas generaciones de adultos concienciados y motivados. Por eso, al terminar su etapa educativa en el Escultismo y el Guidismo, los adultos que no pueden o no desean seguir ayudando a las asociaciones juveniles, pero quieren seguir viviendo los valores de la Ley y la Promesa Scout y Gu\u00eda y aportar su granito de arena para transformar el mundo en el que viven, siguiendo las recomendaciones de B.P. en su \u00faltimo mensaje en el que nos dec\u00eda \u201cas\u00edos a vuestra Promesa Scout siempre, a\u00fan cuando hay\u00e1is dejado de ser unos muchachos\u201d y \u201ctratad de dejar este mundo en mejores condiciones de c\u00f3mo lo encontrasteis\u201d, pueden continuar su labor transformadora del mundo, bien solos o mejor en grupos organizados, para ello la \u201cAmistad Internacional Scout y Gu\u00eda\u201d nos brinda la oportunidad de poder hacerlo en compa\u00f1\u00eda de otros adultos.<\/p>\n<p style=\"text-align: justify;\">Para realizar esta labor, los scouts y gu\u00eda adultos tenemos un sistema propio que lo resumimos en el siguiente esquema:<\/p>\n<p><img loading=\"lazy\" decoding=\"async\" class=\"aligncenter size-large wp-image-177\" src=\"https:\/\/jaen.aisgan.org\/wp-content\/uploads\/2018\/12\/METODO-1024x688.png\" alt=\"\" width=\"920\" height=\"618\" srcset=\"https:\/\/jaen.aisgan.org\/wp-content\/uploads\/2018\/12\/METODO-1024x688.png 1024w, https:\/\/jaen.aisgan.org\/wp-content\/uploads\/2018\/12\/METODO-300x202.png 300w, https:\/\/jaen.aisgan.org\/wp-content\/uploads\/2018\/12\/METODO-768x516.png 768w, https:\/\/jaen.aisgan.org\/wp-content\/uploads\/2018\/12\/METODO-521x350.png 521w, https:\/\/jaen.aisgan.org\/wp-content\/uploads\/2018\/12\/METODO-150x101.png 150w, https:\/\/jaen.aisgan.org\/wp-content\/uploads\/2018\/12\/METODO.png 1372w\" sizes=\"auto, (max-width: 920px) 100vw, 920px\" \/><\/p>\n","protected":false},"excerpt":{"rendered":"<p>MAS DE 100 A\u00d1OS EDUCANDO El Escultismo y el Guidismo llevan m\u00e1s de 100 a\u00f1os educando a ni\u00f1os, ni\u00f1as y j\u00f3venes. Como consecuencia de ello se han ido formando muchas generaciones de adultos concienciados y motivados. Por eso, al terminar su etapa educativa en el Escultismo y el Guidismo, los&#8230; <a class=\"continue-reading-link\" href=\"https:\/\/jaen.aisgan.org\/?page_id=176\">Leer m\u00e1s&#8230;<\/a><\/p>\n","protected":false},"author":6,"featured_media":0,"parent":0,"menu_order":0,"comment_status":"closed","ping_status":"closed","template":"","meta":{"ngg_post_thumbnail":0,"footnotes":""},"class_list":["post-176","page","type-page","status-publish","hentry"],"_links":{"self":[{"href":"https:\/\/jaen.aisgan.org\/index.php?rest_route=\/wp\/v2\/pages\/176","targetHints":{"allow":["GET"]}}],"collection":[{"href":"https:\/\/jaen.aisgan.org\/index.php?rest_route=\/wp\/v2\/pages"}],"about":[{"href":"https:\/\/jaen.aisgan.org\/index.php?rest_route=\/wp\/v2\/types\/page"}],"author":[{"embeddable":true,"href":"https:\/\/jaen.aisgan.org\/index.php?rest_route=\/wp\/v2\/users\/6"}],"replies":[{"embeddable":true,"href":"https:\/\/jaen.aisgan.org\/index.php?rest_route=%2Fwp%2Fv2%2Fcomments&post=176"}],"version-history":[{"count":2,"href":"https:\/\/jaen.aisgan.org\/index.php?rest_route=\/wp\/v2\/pages\/176\/revisions"}],"predecessor-version":[{"id":180,"href":"https:\/\/jaen.aisgan.org\/index.php?rest_route=\/wp\/v2\/pages\/176\/revisions\/180"}],"wp:attachment":[{"href":"https:\/\/jaen.aisgan.org\/index.php?rest_route=%2Fwp%2Fv2%2Fmedia&parent=176"}],"curies":[{"name":"wp","href":"https:\/\/api.w.org\/{rel}","templated":true}]}}