{"id":230,"date":"2019-01-08T18:15:56","date_gmt":"2019-01-08T18:15:56","guid":{"rendered":"https:\/\/jaen.aisgan.org\/?page_id=230"},"modified":"2019-01-08T18:17:02","modified_gmt":"2019-01-08T18:17:02","slug":"fondo-para-el-desarrollo-internacional","status":"publish","type":"page","link":"https:\/\/jaen.aisgan.org\/?page_id=230","title":{"rendered":"Fondo para el desarrollo internacional"},"content":{"rendered":"<p style=\"text-align: justify;\"><img loading=\"lazy\" decoding=\"async\" class=\"alignleft size-thumbnail wp-image-224\" src=\"https:\/\/jaen.aisgan.org\/wp-content\/uploads\/2019\/01\/1200px-International_Scout_and_Guide_Fellowship.svg_-150x150.png\" alt=\"\" width=\"150\" height=\"150\" srcset=\"https:\/\/jaen.aisgan.org\/wp-content\/uploads\/2019\/01\/1200px-International_Scout_and_Guide_Fellowship.svg_-150x150.png 150w, https:\/\/jaen.aisgan.org\/wp-content\/uploads\/2019\/01\/1200px-International_Scout_and_Guide_Fellowship.svg_-300x299.png 300w, https:\/\/jaen.aisgan.org\/wp-content\/uploads\/2019\/01\/1200px-International_Scout_and_Guide_Fellowship.svg_-768x765.png 768w, https:\/\/jaen.aisgan.org\/wp-content\/uploads\/2019\/01\/1200px-International_Scout_and_Guide_Fellowship.svg_-1024x1021.png 1024w, https:\/\/jaen.aisgan.org\/wp-content\/uploads\/2019\/01\/1200px-International_Scout_and_Guide_Fellowship.svg_.png 1200w\" sizes=\"auto, (max-width: 150px) 100vw, 150px\" \/>El\u00a0Fondo para el Desarrollo Internacional\u00a0(Fondo DI, \u201cID Fund\u201d en ingl\u00e9s) ofrece apoyo financiero para proyectos especiales, as\u00ed como para la expansi\u00f3n y desarrollo de ISGF-AISG, y ayudas a la\u00a0Asociaci\u00f3n Mundial de Gu\u00edas y Gu\u00edas Scouts (AMGS) y a la Organizaci\u00f3n Mundial del Movimiento Scout (OMMS).<\/p>\n<p style=\"text-align: justify;\">Fue en la 4 \u00aa Asamblea General de 1961 cuando IFOFSAG (desde 1996, ISGF-AISG) acord\u00f3 por primera vez hacer una contribuci\u00f3n voluntaria, de manera que la cuota personal de afiliaci\u00f3n se mantuviera sin cambios. En 1966, ISGF-AISG realiz\u00f3 su primera donaci\u00f3n a los programas de desarrollo de la OMMS y la AMGS.<\/p>\n<p style=\"text-align: justify;\">El Fondo DI est\u00e1 gestionado por el Comit\u00e9 Mundial de ISGF-AISG. Los gastos con cargo al Fondo se aprueban, proyecto por proyecto, mediante votaci\u00f3n por mayor\u00eda. El 100% de las donaciones y contribuciones destinadas a los proyectos, se destinan a los proyectos.<\/p>\n<h4 style=\"text-align: justify;\">Becas<\/h4>\n<p style=\"text-align: justify;\">En la 10 \u00aa Asamblea General de AISG celebrada en Austria en 1973, y en colaboraci\u00f3n con la AMGS y la OMMS, ISGF-AISG cre\u00f3 el \u201cFondo JS Wilson\u201d. Esta subvenci\u00f3n anual, conocida como \u201cBeca JS Wilson\u201d permite al beneficiario asistir a cursos de capacitaci\u00f3n, seminarios y conferencias.<\/p>\n<p style=\"text-align: justify;\">En su reuni\u00f3n de octubre de 1992, el Comit\u00e9 Mundial decidi\u00f3 unir las\u00a0becas Rieck-M\u00fcller\u00a0(Suecia) y\u00a0Ceschi\u00a0(Italia) bajo el nombre de \u201cBeca AISG\u201d, y utilizarla en paralelo con la \u201cBeca JS Wilson\u201d para j\u00f3venes educadores de la AMGS y la OMMS de pa\u00edses en v\u00edas de desarrollo.<\/p>\n<p style=\"text-align: justify;\">En los a\u00f1os siguientes, las donaciones se han ido realizando anualmente a los mencionados organismos<\/p>\n<p style=\"text-align: justify;\">En conclusi\u00f3n, el Fondo de Desarrollo Internacional proporciona ayuda econ\u00f3mica mediante:<\/p>\n<ul>\n<li style=\"text-align: justify;\">donaciones a la AMGS y la OMMS<\/li>\n<li style=\"text-align: justify;\">dos Becas AISG, las creadas en memoria al legado de \u201cJS Wilson\u201d y de \u201cRieck-M\u00fcller\/Ceschi\u201d<\/li>\n<li style=\"text-align: justify;\">apoyo financiero para el desarrollo de la propia AISG<\/li>\n<\/ul>\n","protected":false},"excerpt":{"rendered":"<p>El\u00a0Fondo para el Desarrollo Internacional\u00a0(Fondo DI, \u201cID Fund\u201d en ingl\u00e9s) ofrece apoyo financiero para proyectos especiales, as\u00ed como para la expansi\u00f3n y desarrollo de ISGF-AISG, y ayudas a la\u00a0Asociaci\u00f3n Mundial de Gu\u00edas y Gu\u00edas Scouts (AMGS) y a la Organizaci\u00f3n Mundial del Movimiento Scout (OMMS). Fue en la 4 \u00aa&#8230; <a class=\"continue-reading-link\" href=\"https:\/\/jaen.aisgan.org\/?page_id=230\">Leer m\u00e1s&#8230;<\/a><\/p>\n","protected":false},"author":6,"featured_media":0,"parent":223,"menu_order":0,"comment_status":"closed","ping_status":"closed","template":"","meta":{"ngg_post_thumbnail":0,"footnotes":""},"class_list":["post-230","page","type-page","status-publish","hentry"],"_links":{"self":[{"href":"https:\/\/jaen.aisgan.org\/index.php?rest_route=\/wp\/v2\/pages\/230","targetHints":{"allow":["GET"]}}],"collection":[{"href":"https:\/\/jaen.aisgan.org\/index.php?rest_route=\/wp\/v2\/pages"}],"about":[{"href":"https:\/\/jaen.aisgan.org\/index.php?rest_route=\/wp\/v2\/types\/page"}],"author":[{"embeddable":true,"href":"https:\/\/jaen.aisgan.org\/index.php?rest_route=\/wp\/v2\/users\/6"}],"replies":[{"embeddable":true,"href":"https:\/\/jaen.aisgan.org\/index.php?rest_route=%2Fwp%2Fv2%2Fcomments&post=230"}],"version-history":[{"count":1,"href":"https:\/\/jaen.aisgan.org\/index.php?rest_route=\/wp\/v2\/pages\/230\/revisions"}],"predecessor-version":[{"id":231,"href":"https:\/\/jaen.aisgan.org\/index.php?rest_route=\/wp\/v2\/pages\/230\/revisions\/231"}],"up":[{"embeddable":true,"href":"https:\/\/jaen.aisgan.org\/index.php?rest_route=\/wp\/v2\/pages\/223"}],"wp:attachment":[{"href":"https:\/\/jaen.aisgan.org\/index.php?rest_route=%2Fwp%2Fv2%2Fmedia&parent=230"}],"curies":[{"name":"wp","href":"https:\/\/api.w.org\/{rel}","templated":true}]}}